{"id":8,"date":"2022-06-04T17:39:10","date_gmt":"2022-06-04T17:39:10","guid":{"rendered":"http:\/\/wk-2r.nl\/?page_id=8"},"modified":"2025-01-18T18:45:23","modified_gmt":"2025-01-18T18:45:23","slug":"cennik","status":"publish","type":"page","link":"https:\/\/wkadviesbureau.nl\/nl\/cennik\/","title":{"rendered":"PRIJSLIJST"},"content":{"rendered":"<p>[et_pb_section fb_built=&#8221;1&#8243; _builder_version=&#8221;4.27.4&#8243; background_color=&#8221;RGBA(255,255,255,0)&#8221; use_background_color_gradient=&#8221;on&#8221; background_image=&#8221;https:\/\/wk-2r.nl\/wp-content\/uploads\/2024\/06\/tlo-cennik-1.png&#8221; parallax=&#8221;on&#8221; custom_padding=&#8221;0px||0px|||&#8221; filter_brightness=&#8221;103%&#8221; top_divider_height=&#8221;0px&#8221; top_divider_repeat=&#8221;1x&#8221; bottom_divider_height=&#8221;186px&#8221; hover_enabled=&#8221;0&#8243; global_colors_info=&#8221;{}&#8221; sticky_enabled=&#8221;0&#8243; background_color_gradient_stops=&#8221;#d1e8df 0%|#9fb8be 100%&#8221;][et_pb_row _builder_version=&#8221;4.25.1&#8243; _module_preset=&#8221;default&#8221; min_height=&#8221;342.8px&#8221; custom_margin=&#8221;|auto|216px|auto||&#8221; hover_enabled=&#8221;0&#8243; global_colors_info=&#8221;{}&#8221; sticky_enabled=&#8221;0&#8243;][et_pb_column type=&#8221;4_4&#8243; _builder_version=&#8221;4.25.1&#8243; _module_preset=&#8221;default&#8221; global_colors_info=&#8221;{}&#8221;][et_pb_text _builder_version=&#8221;4.27.4&#8243; _module_preset=&#8221;default&#8221; text_font=&#8221;|300|||||||&#8221; text_text_color=&#8221;#FFFFFF&#8221; text_font_size=&#8221;12px&#8221; text_line_height=&#8221;1em&#8221; transform_scale=&#8221;182%|182%&#8221; text_orientation=&#8221;center&#8221; custom_padding=&#8221;||||false|false&#8221; hover_enabled=&#8221;0&#8243; global_colors_info=&#8221;{}&#8221; transform_translate_linked=&#8221;off&#8221; transform_translate=&#8221;0px|19px&#8221; sticky_enabled=&#8221;0&#8243;]<\/p>\n<p>Cennik W&amp;K Adviesbureau<\/p>\n<p>[\/et_pb_text][et_pb_text _builder_version=&#8221;4.27.0&#8243; _module_preset=&#8221;default&#8221; text_font=&#8221;ABeeZee|800||on|||||&#8221; text_font_size=&#8221;1px&#8221; text_letter_spacing=&#8221;2px&#8221; header_font=&#8221;&#8211;et_global_heading_font|500||on|||||&#8221; header_text_align=&#8221;center&#8221; header_text_color=&#8221;#ffffff&#8221; text_orientation=&#8221;center&#8221; custom_padding=&#8221;0px||0px||true|false&#8221; hover_enabled=&#8221;0&#8243; text_font_size_tablet=&#8221;1px&#8221; text_font_size_phone=&#8221;1px&#8221; text_font_size_last_edited=&#8221;on|phone&#8221; header_font_size_tablet=&#8221;&#8221; header_font_size_phone=&#8221;20px&#8221; header_font_size_last_edited=&#8221;on|phone&#8221; text_text_shadow_style=&#8221;preset2&#8243; global_colors_info=&#8221;{}&#8221; sticky_enabled=&#8221;0&#8243; transform_translate_linked=&#8221;off&#8221; transform_translate=&#8221;0px|30px&#8221;]<\/p>\n<h1>Poznaj Nasz\u0105 ofert\u0119 !<\/h1>\n<p>[\/et_pb_text][et_pb_text _builder_version=&#8221;4.25.1&#8243; _module_preset=&#8221;default&#8221; text_text_color=&#8221;#ffffff&#8221; text_font_size=&#8221;20px&#8221; text_line_height=&#8221;1em&#8221; text_orientation=&#8221;center&#8221; global_colors_info=&#8221;{}&#8221;][\/et_pb_text][\/et_pb_column][\/et_pb_row][\/et_pb_section][et_pb_section fb_built=&#8221;1&#8243; _builder_version=&#8221;4.25.1&#8243; _module_preset=&#8221;default&#8221; background_image=&#8221;https:\/\/wk-2r.nl\/wp-content\/uploads\/2024\/05\/strona-motyw-3-.png&#8221; custom_margin=&#8221;-321px|||||&#8221; global_colors_info=&#8221;{}&#8221;][et_pb_row column_structure=&#8221;1_3,1_3,1_3&#8243; _builder_version=&#8221;4.25.1&#8243; _module_preset=&#8221;default&#8221; global_colors_info=&#8221;{}&#8221;][et_pb_column type=&#8221;1_3&#8243; _builder_version=&#8221;4.25.1&#8243; _module_preset=&#8221;default&#8221; animation_style=&#8221;flip&#8221; global_colors_info=&#8221;{}&#8221;][et_pb_image src=&#8221;https:\/\/wkadviesbureau.nl\/wp-content\/uploads\/2024\/06\/Ikona-cennik-11.png&#8221; title_text=&#8221;Ikona-cennik-11&#8243; align=&#8221;center&#8221; _builder_version=&#8221;4.27.4&#8243; _module_preset=&#8221;default&#8221; background_color=&#8221;RGBA(255,255,255,0)&#8221; width=&#8221;72%&#8221; max_width=&#8221;100%&#8221; custom_padding=&#8221;||||false|false&#8221; global_colors_info=&#8221;{}&#8221;][\/et_pb_image][et_pb_text _builder_version=&#8221;4.27.0&#8243; _module_preset=&#8221;default&#8221; text_font=&#8221;|||on|||||&#8221; header_font=&#8221;|600|||||||&#8221; header_text_color=&#8221;#aabec4&#8243; header_font_size=&#8221;21px&#8221; text_orientation=&#8221;center&#8221; global_colors_info=&#8221;{}&#8221;]<\/p>\n<h1>Cennik ksi\u0119gowo\u015bci Firm<\/h1>\n<p>[\/et_pb_text][et_pb_text _builder_version=&#8221;4.25.1&#8243; _module_preset=&#8221;default&#8221; text_font=&#8221;|||on|||||&#8221; text_font_size=&#8221;15px&#8221; text_line_height=&#8221;-10em&#8221; text_orientation=&#8221;center&#8221; global_colors_info=&#8221;{}&#8221;]<\/p>\n<p>Poznaj Nasz\u0105 ofert\u0119 ksi\u0119gowo\u015bci dla firm<\/p>\n<p>[\/et_pb_text][et_pb_button button_url=&#8221;https:\/\/wkadviesbureau.nl\/cennik-dla-firm\/&#8221; button_text=&#8221;Sprawd\u017a cennik&#8221; button_alignment=&#8221;center&#8221; _builder_version=&#8221;4.27.0&#8243; _module_preset=&#8221;default&#8221; custom_button=&#8221;on&#8221; button_text_size=&#8221;20px&#8221; button_text_color=&#8221;#9fb8be&#8221; button_icon=&#8221;&#x35;||divi||400&#8243; global_colors_info=&#8221;{}&#8221;][\/et_pb_button][\/et_pb_column][et_pb_column type=&#8221;1_3&#8243; _builder_version=&#8221;4.25.1&#8243; _module_preset=&#8221;default&#8221; animation_style=&#8221;flip&#8221; global_colors_info=&#8221;{}&#8221;][et_pb_image src=&#8221;https:\/\/wkadviesbureau.nl\/wp-content\/uploads\/2024\/06\/Ikona-cennik-11.png&#8221; title_text=&#8221;Ikona-cennik-11&#8243; align=&#8221;center&#8221; _builder_version=&#8221;4.27.4&#8243; _module_preset=&#8221;default&#8221; global_colors_info=&#8221;{}&#8221;][\/et_pb_image][et_pb_text _builder_version=&#8221;4.25.1&#8243; _module_preset=&#8221;default&#8221; text_font=&#8221;|||on|||||&#8221; header_font=&#8221;|600|||||||&#8221; header_text_color=&#8221;#aabec4&#8243; header_font_size=&#8221;21px&#8221; text_orientation=&#8221;center&#8221; global_colors_info=&#8221;{}&#8221;]<\/p>\n<h1><span>Cennik us\u0142ug dla os\u00f3b prywatnych<\/span><\/h1>\n<p>[\/et_pb_text][et_pb_text _builder_version=&#8221;4.25.1&#8243; _module_preset=&#8221;default&#8221; text_font=&#8221;|||on|||||&#8221; text_line_height=&#8221;1em&#8221; text_orientation=&#8221;center&#8221; width=&#8221;100%&#8221; max_width=&#8221;100%&#8221; module_alignment=&#8221;center&#8221; global_colors_info=&#8221;{}&#8221;]<\/p>\n<p><span>Poznaj nasz\u0105 ofert\u0119 dla os\u00f3b prywatnych<\/span><\/p>\n<p>[\/et_pb_text][et_pb_button button_url=&#8221;https:\/\/wkadviesbureau.nl\/cennik-osob-prywatnych\/&#8221; button_text=&#8221;Sprawd\u017a cennik&#8221; button_alignment=&#8221;center&#8221; _builder_version=&#8221;4.27.0&#8243; _module_preset=&#8221;default&#8221; custom_button=&#8221;on&#8221; button_text_color=&#8221;#9fb8be&#8221; global_colors_info=&#8221;{}&#8221;][\/et_pb_button][\/et_pb_column][et_pb_column type=&#8221;1_3&#8243; _builder_version=&#8221;4.25.1&#8243; _module_preset=&#8221;default&#8221; animation_style=&#8221;flip&#8221; global_colors_info=&#8221;{}&#8221;][et_pb_image src=&#8221;https:\/\/wkadviesbureau.nl\/wp-content\/uploads\/2024\/06\/Ikona-cennik-11.png&#8221; title_text=&#8221;Ikona-cennik-11&#8243; align=&#8221;center&#8221; _builder_version=&#8221;4.27.4&#8243; _module_preset=&#8221;default&#8221; global_colors_info=&#8221;{}&#8221;][\/et_pb_image][et_pb_text _builder_version=&#8221;4.27.0&#8243; _module_preset=&#8221;default&#8221; header_font=&#8221;|600||on|||||&#8221; header_text_align=&#8221;center&#8221; header_text_color=&#8221;#aabec4&#8243; header_font_size=&#8221;22px&#8221; global_colors_info=&#8221;{}&#8221;]<\/p>\n<h1>Cennik dodatkowych us\u0142ug<\/h1>\n<p>[\/et_pb_text][et_pb_text _builder_version=&#8221;4.25.1&#8243; _module_preset=&#8221;default&#8221; text_font=&#8221;|||on|||||&#8221; text_orientation=&#8221;center&#8221; global_colors_info=&#8221;{}&#8221;]<\/p>\n<p>Poznaj nasz\u0105 ofert\u0119 dodatkowych us\u0142ug<\/p>\n<p>[\/et_pb_text][et_pb_button button_url=&#8221;https:\/\/wkadviesbureau.nl\/cennik-uslug-dodatkowych\/&#8221; button_text=&#8221;Sprawd\u017a cennik&#8221; button_alignment=&#8221;center&#8221; _builder_version=&#8221;4.27.0&#8243; _module_preset=&#8221;default&#8221; custom_button=&#8221;on&#8221; button_text_color=&#8221;#9fb8be&#8221; global_colors_info=&#8221;{}&#8221;][\/et_pb_button][\/et_pb_column][\/et_pb_row][\/et_pb_section][et_pb_section fb_built=&#8221;1&#8243; _builder_version=&#8221;4.25.1&#8243; _module_preset=&#8221;default&#8221; background_color=&#8221;#f7f7f7&#8243; background_image=&#8221;https:\/\/wk-2r.nl\/wp-content\/uploads\/2024\/05\/SL_042620_30310_36-Przekonwertowany-2.png&#8221; global_colors_info=&#8221;{}&#8221;][et_pb_row column_structure=&#8221;1_3,1_3,1_3&#8243; _builder_version=&#8221;4.25.1&#8243; _module_preset=&#8221;default&#8221; global_colors_info=&#8221;{}&#8221;][et_pb_column type=&#8221;1_3&#8243; _builder_version=&#8221;4.25.1&#8243; _module_preset=&#8221;default&#8221; animation_style=&#8221;bounce&#8221; global_colors_info=&#8221;{}&#8221;][et_pb_blurb title=&#8221;Do\u015bwiadczenie&#8221; image=&#8221;https:\/\/wkadviesbureau.nl\/wp-content\/uploads\/2024\/06\/Bez-nazwy-5.png&#8221; image_icon_width=&#8221;70px&#8221; _builder_version=&#8221;4.27.4&#8243; _module_preset=&#8221;default&#8221; header_text_color=&#8221;#9fb8be&#8221; body_font=&#8221;|||on|||||&#8221; text_orientation=&#8221;center&#8221; global_colors_info=&#8221;{}&#8221;][\/et_pb_blurb][\/et_pb_column][et_pb_column type=&#8221;1_3&#8243; _builder_version=&#8221;4.25.1&#8243; _module_preset=&#8221;default&#8221; animation_style=&#8221;bounce&#8221; global_colors_info=&#8221;{}&#8221;][et_pb_blurb title=&#8221;Zasi\u0119g&#8221; image=&#8221;https:\/\/wkadviesbureau.nl\/wp-content\/uploads\/2024\/06\/ikona-zasieg-6.png&#8221; image_icon_width=&#8221;70px&#8221; _builder_version=&#8221;4.27.4&#8243; _module_preset=&#8221;default&#8221; header_font=&#8221;|||on|||||&#8221; header_text_color=&#8221;#9fb8be&#8221; text_orientation=&#8221;center&#8221; global_colors_info=&#8221;{}&#8221;][\/et_pb_blurb][\/et_pb_column][et_pb_column type=&#8221;1_3&#8243; _builder_version=&#8221;4.25.1&#8243; _module_preset=&#8221;default&#8221; animation_style=&#8221;bounce&#8221; global_colors_info=&#8221;{}&#8221;][et_pb_blurb title=&#8221;Szybko\u015b\u0107&#8221; image=&#8221;https:\/\/wkadviesbureau.nl\/wp-content\/uploads\/2024\/06\/ikona-szybkosc-7.png&#8221; image_icon_width=&#8221;70px&#8221; _builder_version=&#8221;4.27.4&#8243; _module_preset=&#8221;default&#8221; header_font=&#8221;|||on|||||&#8221; header_text_color=&#8221;#9fb8be&#8221; text_orientation=&#8221;center&#8221; global_colors_info=&#8221;{}&#8221;][\/et_pb_blurb][\/et_pb_column][\/et_pb_row][et_pb_row column_structure=&#8221;1_3,1_3,1_3&#8243; _builder_version=&#8221;4.25.1&#8243; _module_preset=&#8221;default&#8221; global_colors_info=&#8221;{}&#8221;][et_pb_column type=&#8221;1_3&#8243; _builder_version=&#8221;4.25.1&#8243; _module_preset=&#8221;default&#8221; animation_style=&#8221;bounce&#8221; global_colors_info=&#8221;{}&#8221;][et_pb_blurb title=&#8221;Indywidualno\u015b\u0107&#8221; image=&#8221;https:\/\/wkadviesbureau.nl\/wp-content\/uploads\/2024\/06\/ikona-indywidualnosc-8.png&#8221; image_icon_width=&#8221;70px&#8221; _builder_version=&#8221;4.27.4&#8243; _module_preset=&#8221;default&#8221; header_font=&#8221;|||on|||||&#8221; header_text_color=&#8221;#9fb8be&#8221; text_orientation=&#8221;center&#8221; global_colors_info=&#8221;{}&#8221;][\/et_pb_blurb][\/et_pb_column][et_pb_column type=&#8221;1_3&#8243; _builder_version=&#8221;4.17.6&#8243; _module_preset=&#8221;default&#8221; global_colors_info=&#8221;{}&#8221;][et_pb_blurb title=&#8221;Minimum formalno\u015bci&#8221; image=&#8221;https:\/\/wkadviesbureau.nl\/wp-content\/uploads\/2024\/06\/ikona-minimum-formalnosci-9.png&#8221; image_icon_width=&#8221;70px&#8221; _builder_version=&#8221;4.27.4&#8243; _module_preset=&#8221;default&#8221; header_font=&#8221;|||on|||||&#8221; header_text_color=&#8221;#9fb8be&#8221; text_orientation=&#8221;center&#8221; animation_style=&#8221;bounce&#8221; global_colors_info=&#8221;{}&#8221;][\/et_pb_blurb][\/et_pb_column][et_pb_column type=&#8221;1_3&#8243; _builder_version=&#8221;4.25.1&#8243; _module_preset=&#8221;default&#8221; animation_style=&#8221;bounce&#8221; global_colors_info=&#8221;{}&#8221;][et_pb_blurb title=&#8221;Dyskrecja&#8221; image=&#8221;https:\/\/wkadviesbureau.nl\/wp-content\/uploads\/2024\/06\/ikona-dyskrecja-10.png&#8221; image_icon_width=&#8221;70px&#8221; _builder_version=&#8221;4.27.4&#8243; _module_preset=&#8221;default&#8221; header_font=&#8221;|||on|||||&#8221; header_text_color=&#8221;#9fb8be&#8221; text_orientation=&#8221;center&#8221; global_colors_info=&#8221;{}&#8221;][\/et_pb_blurb][\/et_pb_column][\/et_pb_row][\/et_pb_section]<\/p>\n","protected":false},"excerpt":{"rendered":"<p>Cennik W&amp;K AdviesbureauPoznaj Nasz\u0105 ofert\u0119 !Cennik ksi\u0119gowo\u015bci FirmPoznaj Nasz\u0105 ofert\u0119 ksi\u0119gowo\u015bci dla firmCennik us\u0142ug dla os\u00f3b prywatnychPoznaj nasz\u0105 ofert\u0119 dla os\u00f3b prywatnychCennik dodatkowych us\u0142ugPoznaj nasz\u0105 ofert\u0119 dodatkowych us\u0142ug<\/p>","protected":false},"author":1,"featured_media":0,"parent":0,"menu_order":0,"comment_status":"closed","ping_status":"closed","template":"","meta":{"_et_pb_use_builder":"on","_et_pb_old_content":"","_et_gb_content_width":"","footnotes":""},"class_list":["post-8","page","type-page","status-publish","hentry"],"_links":{"self":[{"href":"https:\/\/wkadviesbureau.nl\/nl\/wp-json\/wp\/v2\/pages\/8","targetHints":{"allow":["GET"]}}],"collection":[{"href":"https:\/\/wkadviesbureau.nl\/nl\/wp-json\/wp\/v2\/pages"}],"about":[{"href":"https:\/\/wkadviesbureau.nl\/nl\/wp-json\/wp\/v2\/types\/page"}],"author":[{"embeddable":true,"href":"https:\/\/wkadviesbureau.nl\/nl\/wp-json\/wp\/v2\/users\/1"}],"replies":[{"embeddable":true,"href":"https:\/\/wkadviesbureau.nl\/nl\/wp-json\/wp\/v2\/comments?post=8"}],"version-history":[{"count":116,"href":"https:\/\/wkadviesbureau.nl\/nl\/wp-json\/wp\/v2\/pages\/8\/revisions"}],"predecessor-version":[{"id":1152,"href":"https:\/\/wkadviesbureau.nl\/nl\/wp-json\/wp\/v2\/pages\/8\/revisions\/1152"}],"wp:attachment":[{"href":"https:\/\/wkadviesbureau.nl\/nl\/wp-json\/wp\/v2\/media?parent=8"}],"curies":[{"name":"wp","href":"https:\/\/api.w.org\/{rel}","templated":true}]}}