{"id":1246,"date":"2025-01-29T18:56:13","date_gmt":"2025-01-29T18:56:13","guid":{"rendered":"https:\/\/wkadviesbureau.nl\/?post_type=product&#038;p=1246"},"modified":"2025-01-29T18:56:14","modified_gmt":"2025-01-29T18:56:14","slug":"jak-zalozyc-spolke-bv-przewodnik","status":"publish","type":"product","link":"https:\/\/wkadviesbureau.nl\/nl\/product\/jak-zalozyc-spolke-bv-przewodnik\/","title":{"rendered":"Jak za\u0142o\u017cy\u0107 sp\u00f3\u0142k\u0119 BV Przewodnik"},"content":{"rendered":"<p><strong>Przewodnik: Jak otworzy\u0107 sp\u00f3\u0142k\u0119 BV w Holandii<\/strong><\/p>\n<p>Marzysz o za\u0142o\u017ceniu w\u0142asnej firmy w Holandii? Nasz szczeg\u00f3\u0142owy przewodnik poprowadzi Ci\u0119 krok po kroku przez ca\u0142y proces zakupu i rejestracji sp\u00f3\u0142ki typu BV (Besloten Vennootschap). Dowiesz si\u0119, jak zarejestrowa\u0107 swoj\u0105 dzia\u0142alno\u015b\u0107, jakie dokumenty s\u0105 wymagane, jakie s\u0105 koszty i jak unikn\u0105\u0107 najcz\u0119stszych pu\u0142apek. Niezale\u017cnie od tego, czy chcesz za\u0142o\u017cy\u0107 firm\u0119 na w\u0142asne konto, czy z pomoc\u0105 profesjonalist\u00f3w, nasz przewodnik pomo\u017ce Ci przej\u015b\u0107 przez wszystkie formalno\u015bci w spos\u00f3b szybki, prosty i bezpieczny.<\/p>\n<p><strong>W przewodniku znajdziesz:<\/strong><\/p>\n<ul>\n<li>Krok po kroku instrukcje zakupu sp\u00f3\u0142ki BV w Holandii<\/li>\n<li>Wymagania dotycz\u0105ce kapita\u0142u pocz\u0105tkowego i struktury w\u0142a\u015bcicielskiej<\/li>\n<li>Praktyczne porady na temat rejestracji firmy w holenderskich urz\u0119dach<\/li>\n<li>Informacje o obowi\u0105zkach podatkowych i legalnych aspektach prowadzenia dzia\u0142alno\u015bci<\/li>\n<\/ul>\n<p>Z naszym przewodnikiem proces za\u0142o\u017cenia sp\u00f3\u0142ki BV stanie si\u0119 \u0142atwy i zrozumia\u0142y. U\u0142atwimy Ci rozpocz\u0119cie dzia\u0142alno\u015bci w jednym z najbardziej sprzyjaj\u0105cych kraj\u00f3w do prowadzenia biznesu w Europie!<\/p>","protected":false},"excerpt":{"rendered":"<p>Przewodnik: Jak otworzy\u0107 sp\u00f3\u0142k\u0119 BV w Holandii Marzysz o za\u0142o\u017ceniu w\u0142asnej firmy w Holandii? Nasz szczeg\u00f3\u0142owy przewodnik poprowadzi Ci\u0119 krok po kroku przez ca\u0142y proces zakupu i rejestracji sp\u00f3\u0142ki typu BV (Besloten Vennootschap). Dowiesz si\u0119, jak zarejestrowa\u0107 swoj\u0105 dzia\u0142alno\u015b\u0107, jakie dokumenty s\u0105 wymagane, jakie s\u0105 koszty i jak unikn\u0105\u0107 najcz\u0119stszych pu\u0142apek. Niezale\u017cnie od tego, czy [&hellip;]<\/p>\n","protected":false},"featured_media":1049,"comment_status":"open","ping_status":"closed","template":"","meta":{"_et_pb_use_builder":"","_et_pb_old_content":"","_et_gb_content_width":""},"product_brand":[],"product_cat":[25],"product_tag":[],"class_list":{"0":"post-1246","1":"product","2":"type-product","3":"status-publish","4":"has-post-thumbnail","6":"product_cat-bez-kategorii","8":"first","9":"instock","10":"shipping-taxable","11":"purchasable","12":"product-type-simple"},"_links":{"self":[{"href":"https:\/\/wkadviesbureau.nl\/nl\/wp-json\/wp\/v2\/product\/1246","targetHints":{"allow":["GET"]}}],"collection":[{"href":"https:\/\/wkadviesbureau.nl\/nl\/wp-json\/wp\/v2\/product"}],"about":[{"href":"https:\/\/wkadviesbureau.nl\/nl\/wp-json\/wp\/v2\/types\/product"}],"replies":[{"embeddable":true,"href":"https:\/\/wkadviesbureau.nl\/nl\/wp-json\/wp\/v2\/comments?post=1246"}],"wp:featuredmedia":[{"embeddable":true,"href":"https:\/\/wkadviesbureau.nl\/nl\/wp-json\/wp\/v2\/media\/1049"}],"wp:attachment":[{"href":"https:\/\/wkadviesbureau.nl\/nl\/wp-json\/wp\/v2\/media?parent=1246"}],"wp:term":[{"taxonomy":"product_brand","embeddable":true,"href":"https:\/\/wkadviesbureau.nl\/nl\/wp-json\/wp\/v2\/product_brand?post=1246"},{"taxonomy":"product_cat","embeddable":true,"href":"https:\/\/wkadviesbureau.nl\/nl\/wp-json\/wp\/v2\/product_cat?post=1246"},{"taxonomy":"product_tag","embeddable":true,"href":"https:\/\/wkadviesbureau.nl\/nl\/wp-json\/wp\/v2\/product_tag?post=1246"}],"curies":[{"name":"wp","href":"https:\/\/api.w.org\/{rel}","templated":true}]}}