{"id":640,"date":"2024-07-22T12:01:09","date_gmt":"2024-07-22T12:01:09","guid":{"rendered":"https:\/\/wk-2r.nl\/?post_type=product&#038;p=640"},"modified":"2025-01-13T15:29:42","modified_gmt":"2025-01-13T15:29:42","slug":"standard-zzp-mali-przedsiebiorcy","status":"publish","type":"product","link":"https:\/\/wkadviesbureau.nl\/nl\/product\/standard-zzp-mali-przedsiebiorcy\/","title":{"rendered":"Norm van ZZP \u201cKleine Ondernemers\u201d"},"content":{"rendered":"<div class=\"et_pb_pricing_content_top\"><span class=\"et_pb_et_price\"><span class=\"et_pb_dollar_sign\">85\u20ac <\/span><span class=\"et_pb_frequency\"><span class=\"et_pb_frequency_slash\">\/<\/span>maand\/excl.BTW<\/span><\/span><\/div>\n<div class=\"et_pb_pricing_content\">\n<ul class=\"et_pb_pricing\">\n<li>Rozliczenie roczne przedsiebiorcy \u2013 IB aangifte<\/li>\n<li>Rozliczenie Kwartalne podatku obrotowego VAT \u2013 BTW aangifte<\/li>\n<li>Winst- en verliesrekening<\/li>\n<li>Bedrijfsbalans<\/li>\n<li>4 facturen per maand<\/li>\n<li>Uitstel van betaling voor het indienen van de jaarafrekening<\/li>\n<li>E-mail contact<\/li>\n<\/ul>\n<\/div>","protected":false},"excerpt":{"rendered":"<p>85\u20ac \/miesi\u0105c\/excl.BTW Rozliczenie roczne przedsiebiorcy \u2013 IB aangifte Rozliczenie Kwartalne podatku obrotowego VAT \u2013 BTW aangifte Rachunek zyskow i strat Balans firmy 4 faktury w miesi\u0105cu Odroczenie terminu z\u0142o\u017cenia rozliczenia rocznego Kontakt mailowy<\/p>","protected":false},"featured_media":648,"comment_status":"open","ping_status":"closed","template":"","meta":{"_et_pb_use_builder":"","_et_pb_old_content":"","_et_gb_content_width":""},"product_brand":[],"product_cat":[26],"product_tag":[],"class_list":{"0":"post-640","1":"product","2":"type-product","3":"status-publish","4":"has-post-thumbnail","6":"product_cat-ksiegowosc-firm","8":"first","9":"instock","10":"virtual","11":"sold-individually","12":"purchasable","13":"product-type-simple"},"_links":{"self":[{"href":"https:\/\/wkadviesbureau.nl\/nl\/wp-json\/wp\/v2\/product\/640","targetHints":{"allow":["GET"]}}],"collection":[{"href":"https:\/\/wkadviesbureau.nl\/nl\/wp-json\/wp\/v2\/product"}],"about":[{"href":"https:\/\/wkadviesbureau.nl\/nl\/wp-json\/wp\/v2\/types\/product"}],"replies":[{"embeddable":true,"href":"https:\/\/wkadviesbureau.nl\/nl\/wp-json\/wp\/v2\/comments?post=640"}],"wp:featuredmedia":[{"embeddable":true,"href":"https:\/\/wkadviesbureau.nl\/nl\/wp-json\/wp\/v2\/media\/648"}],"wp:attachment":[{"href":"https:\/\/wkadviesbureau.nl\/nl\/wp-json\/wp\/v2\/media?parent=640"}],"wp:term":[{"taxonomy":"product_brand","embeddable":true,"href":"https:\/\/wkadviesbureau.nl\/nl\/wp-json\/wp\/v2\/product_brand?post=640"},{"taxonomy":"product_cat","embeddable":true,"href":"https:\/\/wkadviesbureau.nl\/nl\/wp-json\/wp\/v2\/product_cat?post=640"},{"taxonomy":"product_tag","embeddable":true,"href":"https:\/\/wkadviesbureau.nl\/nl\/wp-json\/wp\/v2\/product_tag?post=640"}],"curies":[{"name":"wp","href":"https:\/\/api.w.org\/{rel}","templated":true}]}}