{"id":649,"date":"2024-07-22T12:22:36","date_gmt":"2024-07-22T12:22:36","guid":{"rendered":"https:\/\/wk-2r.nl\/?post_type=product&#038;p=649"},"modified":"2025-05-30T11:16:30","modified_gmt":"2025-05-30T11:16:30","slug":"prenium-zzp-doswiadczeni-przedsiebiorcy","status":"publish","type":"product","link":"https:\/\/wkadviesbureau.nl\/nl\/product\/prenium-zzp-doswiadczeni-przedsiebiorcy\/","title":{"rendered":"Premium ZZP \"Ervaren Ondernemers\""},"content":{"rendered":"<div class=\"et_pb_pricing_content_top\"><span class=\"et_pb_et_price\"><span class=\"et_pb_dollar_sign\">99\u20ac <\/span><span class=\"et_pb_frequency\"><span class=\"et_pb_frequency_slash\">\/<\/span>maand\/excl.BTW<\/span><\/span><\/div>\n<div class=\"et_pb_pricing_content\">\n<ul class=\"et_pb_pricing\">\n<li>Rozliczenie roczne przedsiebiorcy partner + hipoteka \u2013 IB aangifte<\/li>\n<li>Rozliczenie kwartalne podatku obrotowego VAT \u2013 BTWaangifte<\/li>\n<li>Rachunek zyskow i strat \u2013 jaarrekening<\/li>\n<li>Bedrijfsbalans<\/li>\n<li>6 facturen per maand<\/li>\n<li>Lease auto<\/li>\n<li>35 mutaties per maand elke extra mutatie (accountverkeer) \u20ac 0,78<\/li>\n<li>Uitstel van betaling voor het indienen van de jaarafrekening<\/li>\n<li>Uitstel van betalingsregeling<\/li>\n<li>Het spreiden van de inkomstenbelasting in termijnen<\/li>\n<li>Mogelijkheid tot automatische incasso<\/li>\n<li>Bankkoppeling (u hoeft niet ieder kwartaal bankafschriften op te sturen)<\/li>\n<li>E\u00e9n keer per jaar naar de klant komen (&lt;40km) 30 minuten consultatie<\/li>\n<li>Thuisconsult met een accountant gedurende 30 minuten, twee keer per jaar<\/li>\n<\/ul>\n<\/div>","protected":false},"excerpt":{"rendered":"<p>99\u20ac \/miesi\u0105c\/excl.BTW Rozliczenie roczne przedsiebiorcy partner + hipoteka \u2013 IB aangifte Rozliczenie kwartalne podatku obrotowego VAT \u2013 BTWaangifte Rachunek zyskow i strat \u2013 jaarrekening Balans firmy 6 faktur w miesi\u0105cu Auto w leasingu 35 mutacji miesi\u0119cznie ka\u017cda dodatkowa mutacja (ruch na koncie) \u20ac 0,78 Odroczenie terminu z\u0142o\u017cenia rozliczenia rocznego Odroczenie terminu zap\u0142aty Roz\u0142o\u017cenie podatku dochodowego [&hellip;]<\/p>\n","protected":false},"featured_media":653,"comment_status":"open","ping_status":"closed","template":"","meta":{"_et_pb_use_builder":"","_et_pb_old_content":"","_et_gb_content_width":""},"product_brand":[],"product_cat":[26],"product_tag":[],"class_list":{"0":"post-649","1":"product","2":"type-product","3":"status-publish","4":"has-post-thumbnail","6":"product_cat-ksiegowosc-firm","8":"first","9":"instock","10":"virtual","11":"sold-individually","12":"purchasable","13":"product-type-simple"},"_links":{"self":[{"href":"https:\/\/wkadviesbureau.nl\/nl\/wp-json\/wp\/v2\/product\/649","targetHints":{"allow":["GET"]}}],"collection":[{"href":"https:\/\/wkadviesbureau.nl\/nl\/wp-json\/wp\/v2\/product"}],"about":[{"href":"https:\/\/wkadviesbureau.nl\/nl\/wp-json\/wp\/v2\/types\/product"}],"replies":[{"embeddable":true,"href":"https:\/\/wkadviesbureau.nl\/nl\/wp-json\/wp\/v2\/comments?post=649"}],"wp:featuredmedia":[{"embeddable":true,"href":"https:\/\/wkadviesbureau.nl\/nl\/wp-json\/wp\/v2\/media\/653"}],"wp:attachment":[{"href":"https:\/\/wkadviesbureau.nl\/nl\/wp-json\/wp\/v2\/media?parent=649"}],"wp:term":[{"taxonomy":"product_brand","embeddable":true,"href":"https:\/\/wkadviesbureau.nl\/nl\/wp-json\/wp\/v2\/product_brand?post=649"},{"taxonomy":"product_cat","embeddable":true,"href":"https:\/\/wkadviesbureau.nl\/nl\/wp-json\/wp\/v2\/product_cat?post=649"},{"taxonomy":"product_tag","embeddable":true,"href":"https:\/\/wkadviesbureau.nl\/nl\/wp-json\/wp\/v2\/product_tag?post=649"}],"curies":[{"name":"wp","href":"https:\/\/api.w.org\/{rel}","templated":true}]}}