{"id":652,"date":"2024-07-22T12:24:44","date_gmt":"2024-07-22T12:24:44","guid":{"rendered":"https:\/\/wk-2r.nl\/?post_type=product&#038;p=652"},"modified":"2025-01-13T15:29:10","modified_gmt":"2025-01-13T15:29:10","slug":"spolka-vof-max-dwoch-wlascicieli","status":"publish","type":"product","link":"https:\/\/wkadviesbureau.nl\/nl\/product\/spolka-vof-max-dwoch-wlascicieli\/","title":{"rendered":"VOF bedrijf (Max twee eigenaren)"},"content":{"rendered":"<div class=\"et_pb_pricing_content_top\"><span class=\"et_pb_et_price\"><span class=\"et_pb_dollar_sign\">220\u20ac <\/span><span class=\"et_pb_frequency\"><span class=\"et_pb_frequency_slash\">\/<\/span>maand\/excl.BTW<\/span><\/span><\/div>\n<div class=\"et_pb_pricing_content\">\n<ul class=\"et_pb_pricing\">\n<li>Rozliczenie roczne przedsi\u0119biorcy Partner + hipoteka \u2013 IB aangifte<\/li>\n<li>Rozliczenie kwartalne podatku obrotowego VAT- BTW Aangifte<\/li>\n<li>Rachunek zysk\u00f3w i strat \u2013 jaarrekening<\/li>\n<li>Bedrijfsbalans<\/li>\n<li>32 mutacje miesi\u0119cznie ka\u017cda dodatkowa mutacja \u20ac 0,78<\/li>\n<li>Uitstel van betaling voor het indienen van de jaarafrekening<\/li>\n<li>Uitstel van betalingsregeling<\/li>\n<li>Het spreiden van de inkomstenbelasting in termijnen<\/li>\n<li>Doradztwo finansowe<\/li>\n<li>Financi\u00eble overzichten van het bedrijf<\/li>\n<li>Contact via telefoon, e-mail en WhatsApp 3 keer per jaar gedurende 30 minuten<\/li>\n<li>Thuisconsult gedurende 30 min, maximal afstand tot 40 km<\/li>\n<\/ul>\n<\/div>","protected":false},"excerpt":{"rendered":"<p>220\u20ac \/miesi\u0105c\/excl.BTW Rozliczenie roczne przedsi\u0119biorcy Partner + hipoteka \u2013 IB aangifte Rozliczenie kwartalne podatku obrotowego VAT- BTW Aangifte Rachunek zysk\u00f3w i strat \u2013 jaarrekening Balans firmy 32 mutacje miesi\u0119cznie ka\u017cda dodatkowa mutacja \u20ac 0,78 Odroczenie terminu z\u0142o\u017cenia rozliczenia rocznego Odroczenie terminu zap\u0142aty Roz\u0142o\u017cenie podatku dochodowego na raty Doradztwo finansowe Sprawozdanie finansowe firmy Kontakt telefoniczny , [&hellip;]<\/p>\n","protected":false},"featured_media":678,"comment_status":"open","ping_status":"closed","template":"","meta":{"_et_pb_use_builder":"on","_et_pb_old_content":"<div class=\"et_pb_pricing_content_top\"><span class=\"et_pb_et_price\"><span class=\"et_pb_dollar_sign\">220\u20ac <\/span><span class=\"et_pb_frequency\"><span class=\"et_pb_frequency_slash\">\/<\/span>miesi\u0105c\/excl.BTW<\/span><\/span><\/div>\r\n<div class=\"et_pb_pricing_content\">\r\n<ul class=\"et_pb_pricing\">\r\n \t<li>Rozliczenie roczne przedsi\u0119biorcy Partner + hipoteka \u2013 IB aangifte<\/li>\r\n \t<li>Rozliczenie kwartalne podatku obrotowego VAT- BTW Aangifte<\/li>\r\n \t<li>Rachunek zysk\u00f3w i strat \u2013 jaarrekening<\/li>\r\n \t<li>Balans firmy<\/li>\r\n \t<li>32 mutacje miesi\u0119cznie ka\u017cda dodatkowa mutacja \u20ac 0,78<\/li>\r\n \t<li>Odroczenie terminu z\u0142o\u017cenia rozliczenia rocznego<\/li>\r\n \t<li>Odroczenie terminu zap\u0142aty<\/li>\r\n \t<li>Roz\u0142o\u017cenie podatku dochodowego na raty<\/li>\r\n \t<li>Doradztwo finansowe<\/li>\r\n \t<li>Sprawozdanie finansowe firmy<\/li>\r\n \t<li>Kontakt telefoniczny , mail oraz whatsaap 3 razy do roku po 30 min<\/li>\r\n \t<li>Konsultacja z dojazdem do klienta 2x razy do roku (&lt;40km) 30 min konsultacji<\/li>\r\n<\/ul>\r\n<\/div>","_et_gb_content_width":""},"product_brand":[],"product_cat":[26],"product_tag":[],"class_list":{"0":"post-652","1":"product","2":"type-product","3":"status-publish","4":"has-post-thumbnail","6":"product_cat-ksiegowosc-firm","8":"first","9":"instock","10":"virtual","11":"sold-individually","12":"product-type-simple"},"_links":{"self":[{"href":"https:\/\/wkadviesbureau.nl\/nl\/wp-json\/wp\/v2\/product\/652","targetHints":{"allow":["GET"]}}],"collection":[{"href":"https:\/\/wkadviesbureau.nl\/nl\/wp-json\/wp\/v2\/product"}],"about":[{"href":"https:\/\/wkadviesbureau.nl\/nl\/wp-json\/wp\/v2\/types\/product"}],"replies":[{"embeddable":true,"href":"https:\/\/wkadviesbureau.nl\/nl\/wp-json\/wp\/v2\/comments?post=652"}],"wp:featuredmedia":[{"embeddable":true,"href":"https:\/\/wkadviesbureau.nl\/nl\/wp-json\/wp\/v2\/media\/678"}],"wp:attachment":[{"href":"https:\/\/wkadviesbureau.nl\/nl\/wp-json\/wp\/v2\/media?parent=652"}],"wp:term":[{"taxonomy":"product_brand","embeddable":true,"href":"https:\/\/wkadviesbureau.nl\/nl\/wp-json\/wp\/v2\/product_brand?post=652"},{"taxonomy":"product_cat","embeddable":true,"href":"https:\/\/wkadviesbureau.nl\/nl\/wp-json\/wp\/v2\/product_cat?post=652"},{"taxonomy":"product_tag","embeddable":true,"href":"https:\/\/wkadviesbureau.nl\/nl\/wp-json\/wp\/v2\/product_tag?post=652"}],"curies":[{"name":"wp","href":"https:\/\/api.w.org\/{rel}","templated":true}]}}